{"id":1574,"date":"2023-02-02T11:12:27","date_gmt":"2023-02-02T11:12:27","guid":{"rendered":"https:\/\/reciclajesymetalesperez.com\/our-terms"},"modified":"2023-03-21T16:29:10","modified_gmt":"2023-03-21T16:29:10","slug":"our-terms","status":"publish","type":"page","link":"https:\/\/reciclajesymetalesperez.com\/en\/our-terms","title":{"rendered":"Our terms"},"content":{"rendered":"\t\t<div data-elementor-type=\"wp-page\" data-elementor-id=\"1574\" class=\"elementor elementor-1574 elementor-3\">\n\t\t\t\t\t\t<section class=\"elementor-section elementor-top-section elementor-element elementor-element-37dd8033 elementor-section-boxed elementor-section-height-default elementor-section-height-default\" data-id=\"37dd8033\" data-element_type=\"section\" data-e-type=\"section\">\n\t\t\t\t\t\t<div class=\"elementor-container elementor-column-gap-default\">\n\t\t\t\t\t<div class=\"elementor-column elementor-col-100 elementor-top-column elementor-element elementor-element-1b32949d\" data-id=\"1b32949d\" data-element_type=\"column\" data-e-type=\"column\">\n\t\t\t<div class=\"elementor-widget-wrap elementor-element-populated\">\n\t\t\t\t\t\t<div class=\"elementor-element elementor-element-5c754089 elementor-widget elementor-widget-text-editor\" data-id=\"5c754089\" data-element_type=\"widget\" data-e-type=\"widget\" data-widget_type=\"text-editor.default\">\n\t\t\t\t<div class=\"elementor-widget-container\">\n\t\t\t\t\t\t\t\t\t<p><strong>Terms and Conditions<\/strong><\/p>\n<p>Our website address is: http:\/\/reciclajesymetalesperez.com.<\/p>\n<p><strong>Comments<\/strong><\/p>\n<p>When visitors leave comments on the site we collect the data that appears in the comment form, as well as the visitor&#8217;s IP address and browser user agent string to assist in spam detection.<\/p>\n<p>The Gravatar service may be provided with an anonymized string created from your email address (also called a hash) to see if you are using it.<\/p>\n<p>The Gravatar service privacy policy is available here: https:\/\/automattic.com\/privacy\/. Once approved your comment, your profile picture will be visible to the public in the context of your comment.<\/p>\n<p><strong>Media<\/strong><\/p>\n<p>If you upload images to the website, you should avoid uploading images with embedded location data (EXIF GPS) included. Website visitors can download and extract any location data from images on the website.<\/p>\n<p><strong>Cookies<\/strong><\/p>\n<p>If you leave a comment on our website, you can choose to save your name, email address and website in cookies. This is for your convenience, so that you do not have to fill in your details again when you leave another comment. These cookies are valid for one year.<\/p>\n<p>When visitors leave comments on the site we collect the data that appears in the comment form, as well as the visitor&#8217;s IP address and browser user agent string to assist in spam detection.<\/p>\n<p>If you visit our login page, we will set a temporary cookie to determine if your browser accepts cookies This cookie contains no personal data and is discarded when you close your browser.<\/p>\n<p>When you log in, we will also set several cookies to store your login information and screen display options. Login cookies are valid for two days, and display options cookies are valid for one year. If you select option &#8220;Remember Me,&#8221; your login information will remain for two weeks. If you log out of your account, your login cookies will be deleted.<\/p>\n<p>If you edit or publish an article, an additional cookie will be saved in your browser. . This cookie does not include personal data and simply indicates the ID of the article you have just edited. It expires after 1 day.<\/p>\n<p><strong>Embedded content from other websites<\/strong><\/p>\n<p>Articles on this site may include embedded content (e.g., videos, images, articles, etc.). Embedded content from other websites behaves exactly as if the visitor had visited the other website.<\/p>\n<p>These websites may collect data about you, use cookies, embed additional tracking from third party information and monitor your interaction with that embedded content, including tracking your interaction with the embedded content if you have an account and are logged into that website.<\/p>\n<p><strong>Who we share your data with<\/strong><\/p>\n<p>If you request a password reset, your IP address will be included in the reset email.<\/p>\n<p><strong>How long we retain your data<\/strong><\/p>\n<p>If you leave a comment, the comment and its metadata are retained indefinitely. In this way, we can automatically recognize and approve any subsequent comments rather than holding them in a moderation queue.<\/p>\n<p>For users who register on our website (if any), we also store the personal information they provide in their user profile. All users can view, edit or delete their personal information at any time (except that they cannot change their user name). Website administrators can also view and edit that information.<\/p>\n<p><strong>What rights you have over your data<\/strong><\/p>\n<p>If you have an account on this site or have left comments, you may request to receive and exported file of the personal data we hold about you, including any personal data you have provided to us. You may also request that we delete any personal data we hold about you. This does not include data that we are required to retain for administrative, legal or security reasons.<\/p>\n<p><strong>Where your data is sent<\/strong><\/p>\n<p>Visitor comments can be checked through an automated spam detection service.<\/p>\n\t\t\t\t\t\t\t\t<\/div>\n\t\t\t\t<\/div>\n\t\t\t\t\t<\/div>\n\t\t<\/div>\n\t\t\t\t\t<\/div>\n\t\t<\/section>\n\t\t\t\t<\/div>\n\t\t\n    <div class=\"xs_social_share_widget xs_share_url after_content \t\tmain_content  wslu-style-1 wslu-share-box-shaped wslu-fill-colored wslu-none wslu-share-horizontal wslu-theme-font-no wslu-main_content\">\n\n\t\t\n        <ul>\n\t\t\t        <\/ul>\n    <\/div> \n","protected":false},"excerpt":{"rendered":"<p>Terms and Conditions Our website address is: http:\/\/reciclajesymetalesperez.com. Comments When visitors leave comments on the site we collect the data that appears in the comment form, as well as the visitor&#8217;s IP address and browser user agent string to assist in spam detection. The Gravatar service may be provided with an anonymized string created from [&hellip;]<\/p>\n","protected":false},"author":1,"featured_media":0,"parent":0,"menu_order":0,"comment_status":"closed","ping_status":"closed","template":"","meta":{"footnotes":""},"class_list":["post-1574","page","type-page","status-publish","hentry"],"yoast_head":"<!-- This site is optimized with the Yoast SEO plugin v27.4 - https:\/\/yoast.com\/product\/yoast-seo-wordpress\/ -->\n<title>Our terms - Reciclajes y Metales P\u00e9rez<\/title>\n<meta name=\"robots\" content=\"index, follow, max-snippet:-1, max-image-preview:large, max-video-preview:-1\" \/>\n<link rel=\"canonical\" href=\"https:\/\/reciclajesymetalesperez.com\/en\/our-terms\" \/>\n<meta property=\"og:locale\" content=\"en_US\" \/>\n<meta property=\"og:type\" content=\"article\" \/>\n<meta property=\"og:title\" content=\"Our terms - Reciclajes y Metales P\u00e9rez\" \/>\n<meta property=\"og:description\" content=\"Terms and Conditions Our website address is: http:\/\/reciclajesymetalesperez.com. Comments When visitors leave comments on the site we collect the data that appears in the comment form, as well as the visitor&#8217;s IP address and browser user agent string to assist in spam detection. The Gravatar service may be provided with an anonymized string created from [&hellip;]\" \/>\n<meta property=\"og:url\" content=\"https:\/\/reciclajesymetalesperez.com\/en\/our-terms\" \/>\n<meta property=\"og:site_name\" content=\"Reciclajes y Metales P\u00e9rez\" \/>\n<meta property=\"article:modified_time\" content=\"2023-03-21T16:29:10+00:00\" \/>\n<meta name=\"twitter:card\" content=\"summary_large_image\" \/>\n<meta name=\"twitter:label1\" content=\"Est. reading time\" \/>\n\t<meta name=\"twitter:data1\" content=\"3 minutes\" \/>\n<script type=\"application\/ld+json\" class=\"yoast-schema-graph\">{\"@context\":\"https:\\\/\\\/schema.org\",\"@graph\":[{\"@type\":\"WebPage\",\"@id\":\"https:\\\/\\\/reciclajesymetalesperez.com\\\/en\\\/our-terms\",\"url\":\"https:\\\/\\\/reciclajesymetalesperez.com\\\/en\\\/our-terms\",\"name\":\"Our terms - Reciclajes y Metales P\u00e9rez\",\"isPartOf\":{\"@id\":\"https:\\\/\\\/reciclajesymetalesperez.com\\\/en#website\"},\"datePublished\":\"2023-02-02T11:12:27+00:00\",\"dateModified\":\"2023-03-21T16:29:10+00:00\",\"breadcrumb\":{\"@id\":\"https:\\\/\\\/reciclajesymetalesperez.com\\\/en\\\/our-terms#breadcrumb\"},\"inLanguage\":\"en-US\",\"potentialAction\":[{\"@type\":\"ReadAction\",\"target\":[\"https:\\\/\\\/reciclajesymetalesperez.com\\\/en\\\/our-terms\"]}]},{\"@type\":\"BreadcrumbList\",\"@id\":\"https:\\\/\\\/reciclajesymetalesperez.com\\\/en\\\/our-terms#breadcrumb\",\"itemListElement\":[{\"@type\":\"ListItem\",\"position\":1,\"name\":\"Portada\",\"item\":\"https:\\\/\\\/reciclajesymetalesperez.com\\\/en\"},{\"@type\":\"ListItem\",\"position\":2,\"name\":\"Our terms\"}]},{\"@type\":\"WebSite\",\"@id\":\"https:\\\/\\\/reciclajesymetalesperez.com\\\/en#website\",\"url\":\"https:\\\/\\\/reciclajesymetalesperez.com\\\/en\",\"name\":\"Reciclajes y Metales P\u00e9rez\",\"description\":\"L\u00edderes en Mallorca con m\u00e1s de 40 a\u00f1os de experiencia en el sector del reciclaje y metales\",\"publisher\":{\"@id\":\"https:\\\/\\\/reciclajesymetalesperez.com\\\/en#organization\"},\"potentialAction\":[{\"@type\":\"SearchAction\",\"target\":{\"@type\":\"EntryPoint\",\"urlTemplate\":\"https:\\\/\\\/reciclajesymetalesperez.com\\\/en?s={search_term_string}\"},\"query-input\":{\"@type\":\"PropertyValueSpecification\",\"valueRequired\":true,\"valueName\":\"search_term_string\"}}],\"inLanguage\":\"en-US\"},{\"@type\":\"Organization\",\"@id\":\"https:\\\/\\\/reciclajesymetalesperez.com\\\/en#organization\",\"name\":\"Reciclajes y Metales P\u00e9rez\",\"url\":\"https:\\\/\\\/reciclajesymetalesperez.com\\\/en\",\"logo\":{\"@type\":\"ImageObject\",\"inLanguage\":\"en-US\",\"@id\":\"https:\\\/\\\/reciclajesymetalesperez.com\\\/en#\\\/schema\\\/logo\\\/image\\\/\",\"url\":\"https:\\\/\\\/reciclajesymetalesperez.com\\\/wp-content\\\/uploads\\\/2023\\\/02\\\/cropped-favicon.jpg\",\"contentUrl\":\"https:\\\/\\\/reciclajesymetalesperez.com\\\/wp-content\\\/uploads\\\/2023\\\/02\\\/cropped-favicon.jpg\",\"width\":512,\"height\":512,\"caption\":\"Reciclajes y Metales P\u00e9rez\"},\"image\":{\"@id\":\"https:\\\/\\\/reciclajesymetalesperez.com\\\/en#\\\/schema\\\/logo\\\/image\\\/\"}}]}<\/script>\n<!-- \/ Yoast SEO plugin. -->","yoast_head_json":{"title":"Our terms - Reciclajes y Metales P\u00e9rez","robots":{"index":"index","follow":"follow","max-snippet":"max-snippet:-1","max-image-preview":"max-image-preview:large","max-video-preview":"max-video-preview:-1"},"canonical":"https:\/\/reciclajesymetalesperez.com\/en\/our-terms","og_locale":"en_US","og_type":"article","og_title":"Our terms - Reciclajes y Metales P\u00e9rez","og_description":"Terms and Conditions Our website address is: http:\/\/reciclajesymetalesperez.com. Comments When visitors leave comments on the site we collect the data that appears in the comment form, as well as the visitor&#8217;s IP address and browser user agent string to assist in spam detection. The Gravatar service may be provided with an anonymized string created from [&hellip;]","og_url":"https:\/\/reciclajesymetalesperez.com\/en\/our-terms","og_site_name":"Reciclajes y Metales P\u00e9rez","article_modified_time":"2023-03-21T16:29:10+00:00","twitter_card":"summary_large_image","twitter_misc":{"Est. reading time":"3 minutes"},"schema":{"@context":"https:\/\/schema.org","@graph":[{"@type":"WebPage","@id":"https:\/\/reciclajesymetalesperez.com\/en\/our-terms","url":"https:\/\/reciclajesymetalesperez.com\/en\/our-terms","name":"Our terms - Reciclajes y Metales P\u00e9rez","isPartOf":{"@id":"https:\/\/reciclajesymetalesperez.com\/en#website"},"datePublished":"2023-02-02T11:12:27+00:00","dateModified":"2023-03-21T16:29:10+00:00","breadcrumb":{"@id":"https:\/\/reciclajesymetalesperez.com\/en\/our-terms#breadcrumb"},"inLanguage":"en-US","potentialAction":[{"@type":"ReadAction","target":["https:\/\/reciclajesymetalesperez.com\/en\/our-terms"]}]},{"@type":"BreadcrumbList","@id":"https:\/\/reciclajesymetalesperez.com\/en\/our-terms#breadcrumb","itemListElement":[{"@type":"ListItem","position":1,"name":"Portada","item":"https:\/\/reciclajesymetalesperez.com\/en"},{"@type":"ListItem","position":2,"name":"Our terms"}]},{"@type":"WebSite","@id":"https:\/\/reciclajesymetalesperez.com\/en#website","url":"https:\/\/reciclajesymetalesperez.com\/en","name":"Reciclajes y Metales P\u00e9rez","description":"L\u00edderes en Mallorca con m\u00e1s de 40 a\u00f1os de experiencia en el sector del reciclaje y metales","publisher":{"@id":"https:\/\/reciclajesymetalesperez.com\/en#organization"},"potentialAction":[{"@type":"SearchAction","target":{"@type":"EntryPoint","urlTemplate":"https:\/\/reciclajesymetalesperez.com\/en?s={search_term_string}"},"query-input":{"@type":"PropertyValueSpecification","valueRequired":true,"valueName":"search_term_string"}}],"inLanguage":"en-US"},{"@type":"Organization","@id":"https:\/\/reciclajesymetalesperez.com\/en#organization","name":"Reciclajes y Metales P\u00e9rez","url":"https:\/\/reciclajesymetalesperez.com\/en","logo":{"@type":"ImageObject","inLanguage":"en-US","@id":"https:\/\/reciclajesymetalesperez.com\/en#\/schema\/logo\/image\/","url":"https:\/\/reciclajesymetalesperez.com\/wp-content\/uploads\/2023\/02\/cropped-favicon.jpg","contentUrl":"https:\/\/reciclajesymetalesperez.com\/wp-content\/uploads\/2023\/02\/cropped-favicon.jpg","width":512,"height":512,"caption":"Reciclajes y Metales P\u00e9rez"},"image":{"@id":"https:\/\/reciclajesymetalesperez.com\/en#\/schema\/logo\/image\/"}}]}},"_links":{"self":[{"href":"https:\/\/reciclajesymetalesperez.com\/en\/wp-json\/wp\/v2\/pages\/1574","targetHints":{"allow":["GET"]}}],"collection":[{"href":"https:\/\/reciclajesymetalesperez.com\/en\/wp-json\/wp\/v2\/pages"}],"about":[{"href":"https:\/\/reciclajesymetalesperez.com\/en\/wp-json\/wp\/v2\/types\/page"}],"author":[{"embeddable":true,"href":"https:\/\/reciclajesymetalesperez.com\/en\/wp-json\/wp\/v2\/users\/1"}],"replies":[{"embeddable":true,"href":"https:\/\/reciclajesymetalesperez.com\/en\/wp-json\/wp\/v2\/comments?post=1574"}],"version-history":[{"count":3,"href":"https:\/\/reciclajesymetalesperez.com\/en\/wp-json\/wp\/v2\/pages\/1574\/revisions"}],"predecessor-version":[{"id":1577,"href":"https:\/\/reciclajesymetalesperez.com\/en\/wp-json\/wp\/v2\/pages\/1574\/revisions\/1577"}],"wp:attachment":[{"href":"https:\/\/reciclajesymetalesperez.com\/en\/wp-json\/wp\/v2\/media?parent=1574"}],"curies":[{"name":"wp","href":"https:\/\/api.w.org\/{rel}","templated":true}]}}